{"id":117,"date":"2017-07-15T13:46:38","date_gmt":"2017-07-15T11:46:38","guid":{"rendered":"http:\/\/www.violadagamba.co.at\/esterhazyensemble\/?page_id=117"},"modified":"2023-09-19T12:47:52","modified_gmt":"2023-09-19T10:47:52","slug":"cds","status":"publish","type":"page","link":"https:\/\/www.violadagamba.co.at\/esterhazyensemble\/?page_id=117","title":{"rendered":"CDs"},"content":{"rendered":"\t\t<div data-elementor-type=\"wp-page\" data-elementor-id=\"117\" class=\"elementor elementor-117\">\n\t\t\t\t\t\t\t<div class=\"elementor-element elementor-element-6115845 e-flex e-con-boxed e-con e-parent\" data-id=\"6115845\" data-element_type=\"container\" data-settings=\"{&quot;content_width&quot;:&quot;boxed&quot;}\" data-core-v316-plus=\"true\">\n\t\t\t\t\t<div class=\"e-con-inner\">\n\t\t\t\t<div class=\"elementor-element elementor-element-165b084 elementor-widget elementor-widget-image\" data-id=\"165b084\" data-element_type=\"widget\" data-widget_type=\"image.default\">\n\t\t\t\t<div class=\"elementor-widget-container\">\n\t\t\t<style>\/*! elementor - v3.17.0 - 08-11-2023 *\/\n.elementor-widget-image{text-align:center}.elementor-widget-image a{display:inline-block}.elementor-widget-image a img[src$=\".svg\"]{width:48px}.elementor-widget-image img{vertical-align:middle;display:inline-block}<\/style>\t\t\t\t\t\t\t\t\t<figure class=\"wp-caption\">\n\t\t\t\t\t\t\t\t\t\t<img loading=\"lazy\" decoding=\"async\" width=\"2111\" height=\"2560\" src=\"https:\/\/www.violadagamba.co.at\/esterhazyensemble\/wp-content\/uploads\/2023\/09\/20230919_113140-scaled.jpg\" class=\"attachment-full size-full wp-image-584\" alt=\"\" srcset=\"https:\/\/www.violadagamba.co.at\/esterhazyensemble\/wp-content\/uploads\/2023\/09\/20230919_113140-scaled.jpg 2111w, https:\/\/www.violadagamba.co.at\/esterhazyensemble\/wp-content\/uploads\/2023\/09\/20230919_113140-247x300.jpg 247w, https:\/\/www.violadagamba.co.at\/esterhazyensemble\/wp-content\/uploads\/2023\/09\/20230919_113140-845x1024.jpg 845w, https:\/\/www.violadagamba.co.at\/esterhazyensemble\/wp-content\/uploads\/2023\/09\/20230919_113140-768x931.jpg 768w, https:\/\/www.violadagamba.co.at\/esterhazyensemble\/wp-content\/uploads\/2023\/09\/20230919_113140-1267x1536.jpg 1267w, https:\/\/www.violadagamba.co.at\/esterhazyensemble\/wp-content\/uploads\/2023\/09\/20230919_113140-1689x2048.jpg 1689w\" sizes=\"auto, 100vw\" \/>\t\t\t\t\t\t\t\t\t\t\t<figcaption class=\"widget-image-caption wp-caption-text\">30 CDS mit Werken f\u00fcr Baryton<\/figcaption>\n\t\t\t\t\t\t\t\t\t\t<\/figure>\n\t\t\t\t\t\t\t\t\t<\/div>\n\t\t\t\t<\/div>\n\t\t\t\t<div class=\"elementor-element elementor-element-d2bd315 elementor-widget elementor-widget-text-editor\" data-id=\"d2bd315\" data-element_type=\"widget\" data-widget_type=\"text-editor.default\">\n\t\t\t\t<div class=\"elementor-widget-container\">\n\t\t\t<style>\/*! elementor - v3.17.0 - 08-11-2023 *\/\n.elementor-widget-text-editor.elementor-drop-cap-view-stacked .elementor-drop-cap{background-color:#69727d;color:#fff}.elementor-widget-text-editor.elementor-drop-cap-view-framed .elementor-drop-cap{color:#69727d;border:3px solid;background-color:transparent}.elementor-widget-text-editor:not(.elementor-drop-cap-view-default) .elementor-drop-cap{margin-top:8px}.elementor-widget-text-editor:not(.elementor-drop-cap-view-default) .elementor-drop-cap-letter{width:1em;height:1em}.elementor-widget-text-editor .elementor-drop-cap{float:left;text-align:center;line-height:1;font-size:50px}.elementor-widget-text-editor .elementor-drop-cap-letter{display:inline-block}<\/style>\t\t\t\t<div><p><span class=\"Roter-Text-C\"><strong>Joseph Haydn<\/strong> <\/span><\/p><div id=\"txt_26\"><p class=\"Textk\u00f6rper-P\"><strong><span class=\"Wp-Roter-Text-C Sz-Roter-Text-C-160px\">Complete work for barytone<\/span><\/strong><\/p><p class=\"Wp-Normal-P\"><span class=\"Wp-Roter-Text-C Sz-Roter-Text-C-160px\">Box with <strong>21 CDs\u00a0\u00a0<\/strong>\u00a0\u00a0\u00a0\u00a0\u00a0\u00a0\u00a0\u00a0\u00a0\u00a0\u00a0\u00a0\u00a0\u00a0\u00a0\u00a0\u00a0 <\/span><span class=\"Wp-Roter-Text-C Sz-Roter-Text-C-130px\">Brilliant Classics<\/span><\/p><p class=\"Wp-Normal-P\"><img loading=\"lazy\" decoding=\"async\" class=\"alignnone wp-image-576 size-medium\" src=\"http:\/\/www.violadagamba.co.at\/esterhazyensemble\/wp-content\/uploads\/2023\/09\/20230919_113330-226x300.jpg\" alt=\"Haydn, Baryton CDs Gesamtaufnahme\" width=\"226\" height=\"300\" srcset=\"https:\/\/www.violadagamba.co.at\/esterhazyensemble\/wp-content\/uploads\/2023\/09\/20230919_113330-226x300.jpg 226w, https:\/\/www.violadagamba.co.at\/esterhazyensemble\/wp-content\/uploads\/2023\/09\/20230919_113330-770x1024.jpg 770w, https:\/\/www.violadagamba.co.at\/esterhazyensemble\/wp-content\/uploads\/2023\/09\/20230919_113330-768x1022.jpg 768w, https:\/\/www.violadagamba.co.at\/esterhazyensemble\/wp-content\/uploads\/2023\/09\/20230919_113330-1155x1536.jpg 1155w, https:\/\/www.violadagamba.co.at\/esterhazyensemble\/wp-content\/uploads\/2023\/09\/20230919_113330-1540x2048.jpg 1540w, https:\/\/www.violadagamba.co.at\/esterhazyensemble\/wp-content\/uploads\/2023\/09\/20230919_113330-scaled.jpg 1924w\" sizes=\"auto, (max-width: 226px) 100vw, 226px\" \/><\/p><p><a href=\"https:\/\/www.youtube.com\/watch?v=mpiT5e6wdvk&amp;list=PL-FaA4k7UdNZpda_UxljpgkVpecTRMbKk\" target=\"_blank\" rel=\"noopener\">Auf Youtube Anh\u00f6ren<\/a><\/p><p class=\"Wp-Normal-P\"><span class=\"Wp-Roter-Text-C Sz-Roter-Text-C-160px\"><a href=\"http:\/\/magazin.klassik.com\/reviews\/reviews.cfm?task=review&amp;REID=9589&amp;RECID=15084\" target=\"_self\" rel=\"wplightbox~#~52940397~#~ noopener noreferrer\">Klassik.com:<\/a><\/span><\/p><p class=\"Wp-Normal-P\"><span class=\"Wp-Roter-Text-C Sz-Roter-Text-C-150px\">\u201eEin gro\u00dfes Kompliment geht aber auch an die drei Musiker des Esterh\u00e1zy Ensembles\u2026\u201c<\/span><\/p><p class=\"Wp-Normal-P\"><span class=\"Wp-Roter-Text-C Sz-Roter-Text-C-130px\">Dr. Stefan Drees, Klassik.com, 03.14.2009 <\/span><\/p><\/div><div id=\"txt_25\"><p class=\"Textk\u00f6rper-P\"><strong><span class=\"Roter-Text-C\">Andreas Lidl<\/span><\/strong><\/p><p class=\"Wp-Normal-P\"><span class=\"Wp-Roter-Text-C Sz-Roter-Text-C-160px\">Divertimenti<\/span><\/p><p class=\"Wp-Normal-P\"><span class=\"Wp-Roter-Text-C Sz-Roter-Text-C-130px\">Brilliant Classics<\/span><\/p><\/div><map id=\"map2\" name=\"map2\"> <area id=\"map2_1\" alt=\"\" coords=\"17,0,193,78\" shape=\"rect\" nohref=\"nohref\" \/><\/map><\/div>\t\t\t\t\t\t<\/div>\n\t\t\t\t<\/div>\n\t\t\t\t<div class=\"elementor-element elementor-element-a81d3ed elementor-widget elementor-widget-html\" data-id=\"a81d3ed\" data-element_type=\"widget\" data-widget_type=\"html.default\">\n\t\t\t\t<div class=\"elementor-widget-container\">\n\t\t\t<iframe loading=\"lazy\" width=\"560\" height=\"315\" src=\"https:\/\/www.youtube.com\/embed\/Ob4dkZHRawc?si=l1-k4ZtLOP07kMMH\" title=\"YouTube video player\" frameborder=\"0\" allow=\"accelerometer; autoplay; clipboard-write; encrypted-media; gyroscope; picture-in-picture; web-share\" allowfullscreen><\/iframe>\t\t<\/div>\n\t\t\t\t<\/div>\n\t\t<div class=\"elementor-element elementor-element-a9eda09 e-flex e-con-boxed e-con e-child\" data-id=\"a9eda09\" data-element_type=\"container\" data-settings=\"{&quot;content_width&quot;:&quot;boxed&quot;}\">\n\t\t\t\t\t<div class=\"e-con-inner\">\n\t\t\t\t<div class=\"elementor-element elementor-element-f9eafdd elementor-widget elementor-widget-html\" data-id=\"f9eafdd\" data-element_type=\"widget\" data-widget_type=\"html.default\">\n\t\t\t\t<div class=\"elementor-widget-container\">\n\t\t\t<iframe loading=\"lazy\" width=\"560\" height=\"315\" src=\"https:\/\/www.youtube.com\/embed\/vIYGZeJAypg?si=qgm92thVjEYZvYcJ\" title=\"YouTube video player\" frameborder=\"0\" allow=\"accelerometer; autoplay; clipboard-write; encrypted-media; gyroscope; picture-in-picture; web-share\" allowfullscreen><\/iframe>\t\t<\/div>\n\t\t\t\t<\/div>\n\t\t\t\t<div class=\"elementor-element elementor-element-5d51a4a elementor-widget elementor-widget-text-editor\" data-id=\"5d51a4a\" data-element_type=\"widget\" data-widget_type=\"text-editor.default\">\n\t\t\t\t<div class=\"elementor-widget-container\">\n\t\t\t\t\t\t\t<div id=\"txt_22\"><p class=\"Textk\u00f6rper-P\"><span class=\"Roter-Text-C\">klassik-heute.de 02 \/ 05:<\/span><\/p><p class=\"Textk\u00f6rper-P\"><span class=\"Wp-Roter-Text-C Sz-Roter-Text-C-150px\">&#8222;Tomasinis Musik, durchweg dreis\u00e4tzige, klanglich \u00fcberaus aparte, empfindsame Kompositionen, l\u00e4\u00dft durch manch \u00fcberraschende Farbe und unvorhergesehene Wendung aufhorchen. Der feine, klagende Ton des Barytons wirkt besonders in den herrlichen Adagios r\u00fchrend, und durchaus vermag sich das silbrige, tenoral-baritonale Timbre vom Violoncello abzusetzen. Eine sch\u00f6ne, interessante Aufnahme, die ich vorbehaltlos empfehlen kann.&#8220; <\/span><\/p><p class=\"Wp-Normal-P\"><span class=\"Roter-Text-C\"><a href=\"http:\/\/magazin.klassik.com\/reviews\/reviews.cfm?REID=4013&amp;task=record&amp;RECID=5606\">Klassik.com: \u00a0<\/a><\/span><\/p><p class=\"Wp-Normal-P\"><span class=\"Wp-Roter-Text-C Sz-Roter-Text-C-150px\">\u201e Michael Br\u00fcssing spielt das fragile Instrument mit Verve und Esprit; gerne baut er auch mal eine Kadenz ein, um seine Fingerfertigkeit ins rechte Licht zu r\u00fccken\u201c<\/span><\/p><\/div><div id=\"txt_23\"><p class=\"Textk\u00f6rper-P\"><span class=\"Roter-Text-C\">Luigi Tomasini (1741-1808) <\/span><\/p><p class=\"Wp-Normal-P\"><span class=\"Wp-Roter-Text-C Sz-Roter-Text-C-160px\">Baryton-Trios Korcak 19,20,27,33,34 <\/span><\/p><p class=\"Wp-Normal-P\"><span class=\"Wp-Roter-Text-C Sz-Roter-Text-C-130px\">CPO<\/span><\/p><\/div><div id=\"txt_24\"><p class=\"Textk\u00f6rper-P\"><span class=\"Textk\u00f6rper-C-C0\"><a href=\"http:\/\/www.jpc.de\/jpcng\/cpo\/detail\/-\/art\/Luigi-Tomasini-1741-1808-Baryton-Trios-Korcak-1920273334\/hnum\/8471754\" target=\"_self\" rel=\"wplightbox~#~52941677~#~ noopener noreferrer\">Anh\u00f6ren<\/a><\/span><\/p><\/div><p><map id=\"map3\" name=\"map3\"> <area alt=\"\" coords=\"0,60,129,97\" shape=\"rect\" href=\"http:\/\/www.barytontrio.hu\/Seite47.html\" \/> <area alt=\"\" coords=\"0,0,118,147\" shape=\"rect\" href=\"http:\/\/www.barytontrio.hu\/Seite47.html\" \/> <area alt=\"\" coords=\"69,137,79,135,88,132,95,127,103,121,108,115,113,108,116,100,119,90,120,82,121,75,119,65,116,55,113,47,107,39,102,32,94,26,85,21,75,18,69,17,57,17,47,19,34,25,26,31,20,37,14,45,11,53,8,61,6,71,6,88,9,98,12,106,17,113,23,121,31,127,38,132,47,135,57,137,67,138\" shape=\"poly\" href=\"http:\/\/www.barytontrio.hu\/Seite47.html\" \/> <area alt=\"\" coords=\"73,150,82,149,92,146,100,142,108,136,116,128,121,121,126,113,129,104,131,95,132,85,132,76,130,67,127,58,124,49,119,41,113,34,106,28,98,23,90,19,80,16,73,15,64,15,55,17,45,20,37,24,29,30,20,39,15,47,11,55,7,67,5,76,5,90,7,99,10,108,17,123,23,130,31,138,39,143,47,146,58,150,66,151\" shape=\"poly\" href=\"http:\/\/www.barytontrio.hu\/Seite47.html\" \/> \u00a0<\/map><\/p><div id=\"panel_8\">\u00a0<\/div><div id=\"panel_7\">\u00a0<\/div><div id=\"panel_6\">\u00a0<\/div>\t\t\t\t\t\t<\/div>\n\t\t\t\t<\/div>\n\t\t\t\t\t<\/div>\n\t\t\t\t<\/div>\n\t\t\t\t\t<\/div>\n\t\t\t\t<\/div>\n\t\t\t\t\t\t\t<\/div>\n\t\t","protected":false},"excerpt":{"rendered":"<p>30 CDS mit Werken f\u00fcr Baryton Joseph Haydn Complete work for barytone Box with 21 CDs\u00a0\u00a0\u00a0\u00a0\u00a0\u00a0\u00a0\u00a0\u00a0\u00a0\u00a0\u00a0\u00a0\u00a0\u00a0\u00a0\u00a0\u00a0\u00a0 Brilliant Classics Auf Youtube Anh\u00f6ren Klassik.com: \u201eEin gro\u00dfes Kompliment geht aber auch an die drei Musiker des Esterh\u00e1zy Ensembles\u2026\u201c Dr. Stefan Drees, Klassik.com, 03.14.2009 Andreas Lidl Divertimenti Brilliant Classics klassik-heute.de 02 \/ 05: &#8222;Tomasinis Musik, durchweg dreis\u00e4tzige, klanglich \u00fcberaus &hellip; <\/p>\n<p class=\"link-more\"><a href=\"https:\/\/www.violadagamba.co.at\/esterhazyensemble\/?page_id=117\" class=\"more-link\"><span class=\"screen-reader-text\">\u201eCDs\u201c<\/span> weiterlesen<\/a><\/p>\n","protected":false},"author":1,"featured_media":0,"parent":0,"menu_order":0,"comment_status":"closed","ping_status":"closed","template":"","meta":{"ngg_post_thumbnail":0,"footnotes":""},"class_list":["post-117","page","type-page","status-publish","hentry"],"_links":{"self":[{"href":"https:\/\/www.violadagamba.co.at\/esterhazyensemble\/index.php?rest_route=\/wp\/v2\/pages\/117","targetHints":{"allow":["GET"]}}],"collection":[{"href":"https:\/\/www.violadagamba.co.at\/esterhazyensemble\/index.php?rest_route=\/wp\/v2\/pages"}],"about":[{"href":"https:\/\/www.violadagamba.co.at\/esterhazyensemble\/index.php?rest_route=\/wp\/v2\/types\/page"}],"author":[{"embeddable":true,"href":"https:\/\/www.violadagamba.co.at\/esterhazyensemble\/index.php?rest_route=\/wp\/v2\/users\/1"}],"replies":[{"embeddable":true,"href":"https:\/\/www.violadagamba.co.at\/esterhazyensemble\/index.php?rest_route=%2Fwp%2Fv2%2Fcomments&post=117"}],"version-history":[{"count":18,"href":"https:\/\/www.violadagamba.co.at\/esterhazyensemble\/index.php?rest_route=\/wp\/v2\/pages\/117\/revisions"}],"predecessor-version":[{"id":591,"href":"https:\/\/www.violadagamba.co.at\/esterhazyensemble\/index.php?rest_route=\/wp\/v2\/pages\/117\/revisions\/591"}],"wp:attachment":[{"href":"https:\/\/www.violadagamba.co.at\/esterhazyensemble\/index.php?rest_route=%2Fwp%2Fv2%2Fmedia&parent=117"}],"curies":[{"name":"wp","href":"https:\/\/api.w.org\/{rel}","templated":true}]}}