{"id":226,"date":"2017-07-15T18:18:37","date_gmt":"2017-07-15T16:18:37","guid":{"rendered":"http:\/\/www.violadagamba.co.at\/esterhazyensemble\/?page_id=226"},"modified":"2023-09-19T12:54:42","modified_gmt":"2023-09-19T10:54:42","slug":"das-baryton","status":"publish","type":"page","link":"https:\/\/www.violadagamba.co.at\/esterhazyensemble\/?page_id=226","title":{"rendered":"Das Baryton"},"content":{"rendered":"\t\t<div data-elementor-type=\"wp-page\" data-elementor-id=\"226\" class=\"elementor elementor-226\">\n\t\t\t\t\t\t\t<div class=\"elementor-element elementor-element-6b2e652b e-flex e-con-boxed e-con e-parent\" data-id=\"6b2e652b\" data-element_type=\"container\" data-settings=\"{&quot;content_width&quot;:&quot;boxed&quot;}\" data-core-v316-plus=\"true\">\n\t\t\t\t\t<div class=\"e-con-inner\">\n\t\t\t\t<div class=\"elementor-element elementor-element-607c8c9 elementor-widget elementor-widget-image\" data-id=\"607c8c9\" data-element_type=\"widget\" data-widget_type=\"image.default\">\n\t\t\t\t<div class=\"elementor-widget-container\">\n\t\t\t<style>\/*! elementor - v3.17.0 - 08-11-2023 *\/\n.elementor-widget-image{text-align:center}.elementor-widget-image a{display:inline-block}.elementor-widget-image a img[src$=\".svg\"]{width:48px}.elementor-widget-image img{vertical-align:middle;display:inline-block}<\/style>\t\t\t\t\t\t\t\t\t\t\t\t<img loading=\"lazy\" decoding=\"async\" width=\"300\" height=\"300\" src=\"https:\/\/www.violadagamba.co.at\/esterhazyensemble\/wp-content\/uploads\/2017\/07\/cropped-baryton01-300x300.jpg\" class=\"attachment-medium size-medium wp-image-24\" alt=\"\" srcset=\"https:\/\/www.violadagamba.co.at\/esterhazyensemble\/wp-content\/uploads\/2017\/07\/cropped-baryton01-300x300.jpg 300w, https:\/\/www.violadagamba.co.at\/esterhazyensemble\/wp-content\/uploads\/2017\/07\/cropped-baryton01-150x150.jpg 150w, https:\/\/www.violadagamba.co.at\/esterhazyensemble\/wp-content\/uploads\/2017\/07\/cropped-baryton01-768x769.jpg 768w, https:\/\/www.violadagamba.co.at\/esterhazyensemble\/wp-content\/uploads\/2017\/07\/cropped-baryton01-1024x1024.jpg 1024w, https:\/\/www.violadagamba.co.at\/esterhazyensemble\/wp-content\/uploads\/2017\/07\/cropped-baryton01-270x270.jpg 270w, https:\/\/www.violadagamba.co.at\/esterhazyensemble\/wp-content\/uploads\/2017\/07\/cropped-baryton01-230x230.jpg 230w, https:\/\/www.violadagamba.co.at\/esterhazyensemble\/wp-content\/uploads\/2017\/07\/cropped-baryton01.jpg 1181w\" sizes=\"auto, 100vw\" \/>\t\t\t\t\t\t\t\t\t\t\t\t\t\t\t<\/div>\n\t\t\t\t<\/div>\n\t\t\t\t<div class=\"elementor-element elementor-element-1cef4cd0 elementor-widget elementor-widget-text-editor\" data-id=\"1cef4cd0\" data-element_type=\"widget\" data-widget_type=\"text-editor.default\">\n\t\t\t\t<div class=\"elementor-widget-container\">\n\t\t\t<style>\/*! elementor - v3.17.0 - 08-11-2023 *\/\n.elementor-widget-text-editor.elementor-drop-cap-view-stacked .elementor-drop-cap{background-color:#69727d;color:#fff}.elementor-widget-text-editor.elementor-drop-cap-view-framed .elementor-drop-cap{color:#69727d;border:3px solid;background-color:transparent}.elementor-widget-text-editor:not(.elementor-drop-cap-view-default) .elementor-drop-cap{margin-top:8px}.elementor-widget-text-editor:not(.elementor-drop-cap-view-default) .elementor-drop-cap-letter{width:1em;height:1em}.elementor-widget-text-editor .elementor-drop-cap{float:left;text-align:center;line-height:1;font-size:50px}.elementor-widget-text-editor .elementor-drop-cap-letter{display:inline-block}<\/style>\t\t\t\t<img loading=\"lazy\" decoding=\"async\" class=\"alignnone\" src=\"http:\/\/www.barytontrio.hu\/wpimages\/wp46d140c6_05_06.jpg\" alt=\"Baryton\" width=\"212\" height=\"282\" border=\"0\">\n\n<audio class=\"wp-audio-shortcode\" id=\"audio-226-1\" preload=\"none\" style=\"width: 100%;\" controls=\"controls\"><source type=\"audio\/mpeg\" src=\"http:\/\/www.violadagamba.co.at\/esterhazyensemble\/wp-content\/uploads\/2019\/10\/04-Haydn-Divertimento-For-Eight-Instruments-In-G-Hob.-X-5-1.-Adagio.mp3?_=1\" \/><a href=\"http:\/\/www.violadagamba.co.at\/esterhazyensemble\/wp-content\/uploads\/2019\/10\/04-Haydn-Divertimento-For-Eight-Instruments-In-G-Hob.-X-5-1.-Adagio.mp3\">http:\/\/www.violadagamba.co.at\/esterhazyensemble\/wp-content\/uploads\/2019\/10\/04-Haydn-Divertimento-For-Eight-Instruments-In-G-Hob.-X-5-1.-Adagio.mp3<\/a><\/audio>\n<div>\n<div class=\"Textk\u00f6rper-P\"><span class=\"Wp-Roter-Text-C Sz-Roter-Text-C-160px\"><strong>J. Haydn Baryton Oktett Hob. X:V&nbsp; f\u00fcr Baryton<\/strong>, 2 H\u00f6rner, 2 Violinen, Viola, Violoncello und Kontrabass\n<\/span><\/div>\n<div>&nbsp;<\/div>\n<div><em>Adagio&nbsp; &#8211; Allegro<\/em><\/div>\n<div>\n\n<audio class=\"wp-audio-shortcode\" id=\"audio-226-2\" preload=\"none\" style=\"width: 100%;\" controls=\"controls\"><source type=\"audio\/mpeg\" src=\"http:\/\/www.violadagamba.co.at\/esterhazyensemble\/wp-content\/uploads\/2019\/10\/05-Haydn-Divertimento-For-Eight-Instruments-In-G-Hob.-X-5-2.-Allegro.mp3?_=2\" \/><a href=\"http:\/\/www.violadagamba.co.at\/esterhazyensemble\/wp-content\/uploads\/2019\/10\/05-Haydn-Divertimento-For-Eight-Instruments-In-G-Hob.-X-5-2.-Allegro.mp3\">http:\/\/www.violadagamba.co.at\/esterhazyensemble\/wp-content\/uploads\/2019\/10\/05-Haydn-Divertimento-For-Eight-Instruments-In-G-Hob.-X-5-2.-Allegro.mp3<\/a><\/audio>\n\n<\/div>\n<div>&nbsp;<\/div>\n<div class=\"Textk\u00f6rper-P\"><span class=\"Wp-Roter-Text-C Sz-Roter-Text-C-160px\">Das Baryton (Viola di bordone) ist heute vor allem wegen der wunderbaren Musik, die Joseph Haydn f\u00fcr dieses Instrument geschrieben hat, \u00fcberhaupt noch bekannt. Die Verwandtschaft mit der Viola da gamba ist nicht nur durch die Form sondern auch durch die Stimmung der 6-7 Spielsaiten gegeben. Die 9 -28 Resonanzsaiten, die auch mit dem Daumen gezupft werden k\u00f6nnen, stimmt man je nach Bedarf und Tonart.\n<\/span> <span class=\"Wp-Roter-Text-C Sz-Roter-Text-C-160px\">\n<\/span> <span class=\"Wp-Roter-Text-C Sz-Roter-Text-C-160px\">Manchmal gab es auch einen dritten Saitenbezug auf der Decke, der mit dem kleinen Finger der rechten Hand angezupft wurde.\n<\/span> <span class=\"Wp-Roter-Text-C Sz-Roter-Text-C-160px\">\n<\/span> <span class=\"Wp-Roter-Text-C Sz-Roter-Text-C-160px\">Das \u00e4lteste bekannte Instrument stammt aus Wien (Magnus Feldlen, 1647).<\/span><\/div>\n<\/div>\n<div>\n<div class=\"Textk\u00f6rper-P\"><span class=\"Wp-Roter-Text-C Sz-Roter-Text-C-160px\">Johann Georg Krause hat um 1700 eine Sammlung von &#8222;IX Partien&#8220; dem Herzog Ulrich von W\u00fcrttemberg gewidmet, das sind die ersten ver\u00f6ffentlichten Kompositionen f\u00fcr Baryton.\n<\/span> <span class=\"Wp-Roter-Text-C Sz-Roter-Text-C-160px\">\n<\/span> <span class=\"Wp-Roter-Text-C Sz-Roter-Text-C-160px\">Im Vorwort beschreibt er die Spielweise:\n<\/span> <span class=\"Wp-Roter-Text-C Sz-Roter-Text-C-160px\">\n<\/span> <span class=\"Wp-Roter-Text-C Sz-Roter-Text-C-160px\">&#8220; Die Saiten in dem Manual m\u00fcssen durch den lincken Daumen mit einer m\u00e4\u00dfigen Geschwindigkeit gerissen oder angeschlagen werden, massen das allzustarcke Anschlagen nur ein vieles Summen und unvernehmliches Geth\u00f6ne verursachet, zumahlen, wo man keine ordentliche D\u00e4mpffung oder so genannten Harffen-Zug hat. Und wenn eine oder mehr Saiten angeschlagen sind, mu\u00df der Daumen allzeit auff der nechst-folgenden Saiten liegen bleiben, und davon nichte eher gehoben werden, bi\u00df es die Noth erfordert.&#8220;\n<\/span> <span class=\"Wp-Roter-Text-C Sz-Roter-Text-C-160px\">\n<\/span> <span class=\"Wp-Roter-Text-C Sz-Roter-Text-C-160px\">Das Baryton war vorwiegend im s\u00fcddeutsch-\u00f6sterreichischen Raum verbreitet (A. Ariosti und J.J. Fux verwendeten es z.B. in Wien zur Begleitung von Opernarien), es gibt jedoch Berichte von Konzertreisen des damals ber\u00fchmten Virtuosen und Kollegen von Josef Haydn an der Esterh\u00e1zyschen Hofkapelle &#8211; Andreas Lidl &#8211; nach Paris und London, wo er gro\u00dfe Erfolge feierte.\n<\/span> <span class=\"Wp-Roter-Text-C Sz-Roter-Text-C-160px\">\n<\/span> <span class=\"Wp-Roter-Text-C Sz-Roter-Text-C-160px\">Man wei\u00df von mindestens f\u00fcnf Mitgliedern der Hofkapelle des F\u00fcrsten Nikolaus Esterh\u00e1zy, die sich mit dem Baryton besch\u00e4ftigten und teilweise auch Werke f\u00fcr dieses Instrument komponierten, wie z.B. der italienische Geigenvirtuose Luigi Tomasini, der als Konzertmeister an der Hofkapelle engagiert war.\n<\/span> <span class=\"Wp-Roter-Text-C Sz-Roter-Text-C-160px\">\n<\/span> <span class=\"Wp-Roter-Text-C Sz-Roter-Text-C-160px\">Nichtsdestotrotz sind die Werke Joseph Haydns un\u00fcbertroffen in ihrem Einfallsreichtum. Er schrieb mehr als 125 Trios , dazu noch etwa 50 Werke in anderen Besetzungen mit Baryton, die aber teilweise bei einem Brand im <a href=\"http:\/\/de.wikipedia.org\/wiki\/Schloss_Esterh%C3%A1zy_%28Fert%C5%91d%29\">Schlo\u00df Esterh\u00e1zy<\/a> verloren gingen.\n<\/span> <span class=\"Wp-Roter-Text-C Sz-Roter-Text-C-160px\">Ab 1775 verlor der F\u00fcrst das Interesse an diesem Instrument und widmete sich dem Marionettentheater. Damit war die eigentliche Bl\u00fctezeit des Baryton zu Ende.<\/span><\/div>\n<\/div>\t\t\t\t\t\t<\/div>\n\t\t\t\t<\/div>\n\t\t\t\t\t<\/div>\n\t\t\t\t<\/div>\n\t\t\t\t\t\t\t<\/div>\n\t\t","protected":false},"excerpt":{"rendered":"<p>J. Haydn Baryton Oktett Hob. X:V&nbsp; f\u00fcr Baryton, 2 H\u00f6rner, 2 Violinen, Viola, Violoncello und Kontrabass &nbsp; Adagio&nbsp; &#8211; Allegro &nbsp; Das Baryton (Viola di bordone) ist heute vor allem wegen der wunderbaren Musik, die Joseph Haydn f\u00fcr dieses Instrument geschrieben hat, \u00fcberhaupt noch bekannt. Die Verwandtschaft mit der Viola da gamba ist nicht nur &hellip; <\/p>\n<p class=\"link-more\"><a href=\"https:\/\/www.violadagamba.co.at\/esterhazyensemble\/?page_id=226\" class=\"more-link\"><span class=\"screen-reader-text\">\u201eDas Baryton\u201c<\/span> weiterlesen<\/a><\/p>\n","protected":false},"author":1,"featured_media":0,"parent":0,"menu_order":0,"comment_status":"closed","ping_status":"closed","template":"","meta":{"ngg_post_thumbnail":0,"footnotes":""},"class_list":["post-226","page","type-page","status-publish","hentry"],"_links":{"self":[{"href":"https:\/\/www.violadagamba.co.at\/esterhazyensemble\/index.php?rest_route=\/wp\/v2\/pages\/226","targetHints":{"allow":["GET"]}}],"collection":[{"href":"https:\/\/www.violadagamba.co.at\/esterhazyensemble\/index.php?rest_route=\/wp\/v2\/pages"}],"about":[{"href":"https:\/\/www.violadagamba.co.at\/esterhazyensemble\/index.php?rest_route=\/wp\/v2\/types\/page"}],"author":[{"embeddable":true,"href":"https:\/\/www.violadagamba.co.at\/esterhazyensemble\/index.php?rest_route=\/wp\/v2\/users\/1"}],"replies":[{"embeddable":true,"href":"https:\/\/www.violadagamba.co.at\/esterhazyensemble\/index.php?rest_route=%2Fwp%2Fv2%2Fcomments&post=226"}],"version-history":[{"count":8,"href":"https:\/\/www.violadagamba.co.at\/esterhazyensemble\/index.php?rest_route=\/wp\/v2\/pages\/226\/revisions"}],"predecessor-version":[{"id":595,"href":"https:\/\/www.violadagamba.co.at\/esterhazyensemble\/index.php?rest_route=\/wp\/v2\/pages\/226\/revisions\/595"}],"wp:attachment":[{"href":"https:\/\/www.violadagamba.co.at\/esterhazyensemble\/index.php?rest_route=%2Fwp%2Fv2%2Fmedia&parent=226"}],"curies":[{"name":"wp","href":"https:\/\/api.w.org\/{rel}","templated":true}]}}